{"id":40,"date":"2017-05-16T11:44:13","date_gmt":"2017-05-16T11:44:13","guid":{"rendered":"http:\/\/wordpress.teatralia.eu\/?page_id=40"},"modified":"2026-04-28T06:09:20","modified_gmt":"2026-04-28T06:09:20","slug":"aktuell","status":"publish","type":"page","link":"https:\/\/www.teatralia.eu\/?page_id=40","title":{"rendered":"Aktuell"},"content":{"rendered":"<p style=\"text-align: center;\">&nbsp;<em>teatralia<\/em> pr\u00e4sentiert<\/p>\n<h1 style=\"text-align: center;\"><span style=\"color: #ff0000;\">Libert\u00e0 o quasi<\/span><\/h1>\n<p style=\"text-align: center;\"><strong><span style=\"color: #000000;\">von Stefano Giannascoli<\/span><\/strong><\/p>\n<p style=\"text-align: center;\"><strong>Regie Davide Bacchini<\/strong><\/p>\n<p style=\"background: white; margin: 0cm 0cm 15pt; text-align: left;\"><span style=\"font-family: 'Source Sans Pro',sans-serif; color: #47425d;\">Die italienische Bamberger Theatergruppe TEATRALIA bringt zum 24. Mal ein neues Projekt auf die B\u00fchne: \u201eLibert\u00e0 o quasi\u201c (2019) vom Autor und Regisseur Stefano Giannascoli.<\/span><\/p>\n<p style=\"background: white; margin: 0cm 0cm 15pt; text-align: left;\"><span style=\"font-family: 'Source Sans Pro',sans-serif; color: #47425d;\">\u201eLibert\u00e0 o quasi\u201c ist ein intensives und bewegendes Schauspiel \u00fcber Freiheit \u2013 oder vielleicht vielmehr \u00fcber die Illusion davon. Im Mittelpunkt stehen drei Frauen: Linda, Berta und Tatiana. So unterschiedlich ihre Lebensrealit\u00e4ten auch sind, sie eint der Kampf gegen emotionale Abh\u00e4ngigkeit, gesellschaftlichen Druck und toxische Beziehungen. Das St\u00fcck thematisiert h\u00e4usliche Gewalt, Sucht, Manipulation und Selbstt\u00e4uschung \u2013 ehrlich, schonungslos und dennoch mit feinem, \u00fcberraschendem Humor. Meta-Theater-Elemente und exzentrische Figuren lassen Realit\u00e4t und Fiktion immer wieder verschwimmen und das Publikum wird mit unbequemen Wahrheiten konfrontiert.<br \/>\n\u201eLibert\u00e0 o quasi\u201c ist ein gesellschaftskritisches Werk, das ber\u00fchrt, aufr\u00fcttelt und Mut macht, nicht l\u00e4nger zu schweigen. Ein Theaterabend voller Emotionen, Spannung und \u00fcberraschender Wendungen wartet auf Euch! <\/span><span style=\"font-family: 'Source Sans Pro',sans-serif; color: #47425d;\">Die Auff\u00fchrungen in italienischer Sprache werden mit deutschen \u201e\u00dcbertiteln\u201c versehen. <\/span><\/p>\n<p style=\"background: white; margin: 0cm 0cm 15pt; text-align: left;\"><span style=\"font-family: 'Source Sans Pro',sans-serif; color: #47425d;\">Die <strong>Premiere<\/strong> ist am<strong> Mittwoch, 13. Mai 2026 um 19.30<\/strong> Uhr in der Kulturfabrik <a href=\"https:\/\/www.kufa-bamberg.de\" target=\"_blank\" rel=\"noopener noreferrer\">KUFA<\/a>, Ohmstra\u00dfe 3, 96050 Bamberg<br \/>\nWeitere Vorstellungen gibt es am <strong>Freitag, 15. Mai<\/strong> ( 19:30 Uhr) und <strong>Sonntag, 17. Mai<\/strong> (18 Uhr)<\/span><\/p>\n<p>Nach dem Erfolg des letzten Jahres wird es auch dieses Jahr wieder m\u00f6glich sein, am <strong>ITALODISCO Tanz Abend<\/strong> teilzunehmen am <strong>Freitag, den 15<\/strong>. <strong>Mai 2026<\/strong>, nach der Vorstellung, <strong>ab 22 Uhr<\/strong>. (Weitere Infos folgen in K\u00fcrze)<\/p>\n<p>Eintritt: 18 \u20ac&nbsp; (12 \u20ac erm\u00e4\u00dfigt\/ Studierende\/ Sch\u00fcler*innen &#8211; 10 \u20ac Mosaico-Mitglieder)<\/p>\n<p>Ticketvorverkauf unter <a href=\"https:\/\/pretix.eu\/teatralia\/2026\/\" target=\"_blank\" rel=\"noopener noreferrer\">Pretix<\/a><\/p>\n<p>Abendkasse an den Auftrittstagen am <strong>13.<\/strong> und <strong>15. Mai<\/strong> ab <strong>18 Uhr<\/strong>. Einlass: <strong>19:15 Uhr<\/strong><\/p>\n<p>Abendkasse an den Auftrittstagen am <strong>17.<\/strong> ab <strong>16:30 Uhr<\/strong>. Einlass: <strong>17:45 Uhr<\/strong><\/p>\n<h1><a href=\"http:\/\/www.teatralia.eu\/wp-content\/uploads\/2026\/04\/Liberta-o-quasi-2-1.pdf\"><img fetchpriority=\"high\" decoding=\"async\" class=\"wp-image-5322 size-full alignnone\" src=\"http:\/\/www.teatralia.eu\/wp-content\/uploads\/2026\/04\/Liberta-o-quasi-2-1-pdf.jpg\" alt=\"\" width=\"2094\" height=\"2993\"><\/a><\/h1>\n","protected":false},"excerpt":{"rendered":"<p>&nbsp;teatralia pr\u00e4sentiert Libert\u00e0 o quasi von Stefano Giannascoli Regie Davide Bacchini Die italienische Bamberger Theatergruppe TEATRALIA bringt zum 24. Mal ein neues [&hellip;]<\/p>\n","protected":false},"author":2,"featured_media":0,"parent":0,"menu_order":0,"comment_status":"closed","ping_status":"closed","template":"","meta":{"ngg_post_thumbnail":0,"footnotes":""},"class_list":["post-40","page","type-page","status-publish","hentry"],"_links":{"self":[{"href":"https:\/\/www.teatralia.eu\/index.php?rest_route=\/wp\/v2\/pages\/40","targetHints":{"allow":["GET"]}}],"collection":[{"href":"https:\/\/www.teatralia.eu\/index.php?rest_route=\/wp\/v2\/pages"}],"about":[{"href":"https:\/\/www.teatralia.eu\/index.php?rest_route=\/wp\/v2\/types\/page"}],"author":[{"embeddable":true,"href":"https:\/\/www.teatralia.eu\/index.php?rest_route=\/wp\/v2\/users\/2"}],"replies":[{"embeddable":true,"href":"https:\/\/www.teatralia.eu\/index.php?rest_route=%2Fwp%2Fv2%2Fcomments&post=40"}],"version-history":[{"count":78,"href":"https:\/\/www.teatralia.eu\/index.php?rest_route=\/wp\/v2\/pages\/40\/revisions"}],"predecessor-version":[{"id":5326,"href":"https:\/\/www.teatralia.eu\/index.php?rest_route=\/wp\/v2\/pages\/40\/revisions\/5326"}],"wp:attachment":[{"href":"https:\/\/www.teatralia.eu\/index.php?rest_route=%2Fwp%2Fv2%2Fmedia&parent=40"}],"curies":[{"name":"wp","href":"https:\/\/api.w.org\/{rel}","templated":true}]}}