{"id":14,"date":"2017-05-10T09:43:21","date_gmt":"2017-05-10T09:43:21","guid":{"rendered":"http:\/\/wordpress.teatralia.eu\/?page_id=14"},"modified":"2024-01-26T17:34:24","modified_gmt":"2024-01-26T17:34:24","slug":"home","status":"publish","type":"page","link":"https:\/\/www.teatralia.eu\/","title":{"rendered":"Home"},"content":{"rendered":"<h3 style=\"text-align: center;\"><span style=\"color: #993300;\"><strong>teatralia<\/strong><\/span><\/h3>\n<p>Teatralia ist die italienische Theatergruppe in Bamberg. Sie arbeitet eng zusammen mit der Otto-Friedrich-Universit\u00e4t Bamberg und mosaico italiano e.V., dem italienischen Kulturverein. Sie wurde 1999 gegr\u00fcndet und kooperiert u.a. mit der Friedrich-Alexander-Universit\u00e4t Erlangen-N\u00fcrnberg und dem italienischen Kulturinstitut M\u00fcnchen.<\/p>\n<p>Unsere Auff\u00fchrungen fanden viele Jahre im E.T.A.-Hoffmann-Theater Bamberg, in der \u201eAlte Seilerei\u201c und im Immerhin statt. Seit 2023 haben wir mit der KUFA (Kultur f\u00fcr Alle) einen weiteren sehr interessanten und inspirierenden Spielort. Unser Publikum besteht gr\u00f6\u00dftenteils aus Studierenden und Universit\u00e4tsmitarbeiter*innen wie Professor*innen und Dozierenden. Hinzu kommen Sch\u00fcler*innen aus den Bamberger Gymnasien, VHS-Besucher*innen, Muttersprachler*innen und nat\u00fcrlich viele Interessierte, die zum Teil sogar aus Erlangen, &nbsp;W\u00fcrzburg und M\u00fcnchen anreisen. Unter unseren prominenten G\u00e4sten befanden sich unter anderem bereits der italienische Konsul aus N\u00fcrnberg und Gian Carlo Pardini, der Autor unseres St\u00fccks \u201eAssassinate la zitella\u201c des Jahres 2010.<\/p>\n<p>Seit 2011 sind all unsere St\u00fccke Urauff\u00fchrungen, die von unserem langj\u00e4hrigen Regisseur Stefano Giannascoli selbst geschrieben werden. Allesamt sind sie Kom\u00f6dien, die sich einer stetig gr\u00f6\u00dfer werdenden Beliebtheit erfreuen.<\/p>\n<p>Durch TEATRALIA haben alle Laien-Schauspieler:innen italienischer oder nicht-italienischer Muttersprache neben der gemeinsamen Inszenierung der St\u00fccke auch die M\u00f6glichkeit, die italienische Sprache und Kultur einmal auf eine ganz andere, lockere Weise zu (er-)leben und dem Publikum Emotionen zu vermitteln, ihre Sprachkenntnisse zu vertiefen und \u2013 nicht zuletzt \u2013 pers\u00f6nlich zu reifen.<\/p>\n","protected":false},"excerpt":{"rendered":"<p>teatralia Teatralia ist die italienische Theatergruppe in Bamberg. Sie arbeitet eng zusammen mit der Otto-Friedrich-Universit\u00e4t Bamberg und mosaico italiano e.V., dem italienischen [&hellip;]<\/p>\n","protected":false},"author":2,"featured_media":0,"parent":0,"menu_order":0,"comment_status":"closed","ping_status":"closed","template":"","meta":{"ngg_post_thumbnail":0,"footnotes":""},"class_list":["post-14","page","type-page","status-publish","hentry"],"_links":{"self":[{"href":"https:\/\/www.teatralia.eu\/index.php?rest_route=\/wp\/v2\/pages\/14","targetHints":{"allow":["GET"]}}],"collection":[{"href":"https:\/\/www.teatralia.eu\/index.php?rest_route=\/wp\/v2\/pages"}],"about":[{"href":"https:\/\/www.teatralia.eu\/index.php?rest_route=\/wp\/v2\/types\/page"}],"author":[{"embeddable":true,"href":"https:\/\/www.teatralia.eu\/index.php?rest_route=\/wp\/v2\/users\/2"}],"replies":[{"embeddable":true,"href":"https:\/\/www.teatralia.eu\/index.php?rest_route=%2Fwp%2Fv2%2Fcomments&post=14"}],"version-history":[{"count":20,"href":"https:\/\/www.teatralia.eu\/index.php?rest_route=\/wp\/v2\/pages\/14\/revisions"}],"predecessor-version":[{"id":5089,"href":"https:\/\/www.teatralia.eu\/index.php?rest_route=\/wp\/v2\/pages\/14\/revisions\/5089"}],"wp:attachment":[{"href":"https:\/\/www.teatralia.eu\/index.php?rest_route=%2Fwp%2Fv2%2Fmedia&parent=14"}],"curies":[{"name":"wp","href":"https:\/\/api.w.org\/{rel}","templated":true}]}}